{"id":209,"date":"2024-01-24T09:18:27","date_gmt":"2024-01-24T12:18:27","guid":{"rendered":"http:\/\/emporiodoturquinho.com.br\/?post_type=product&#038;p=209"},"modified":"2024-01-24T09:18:27","modified_gmt":"2024-01-24T12:18:27","slug":"carqueja-amarga","status":"publish","type":"product","link":"https:\/\/emporiodoturquinho.com.br\/?product=carqueja-amarga","title":{"rendered":"CARQUEJA AMARGA"},"content":{"rendered":"<p>VALORES NUTRICIONAIS Conhe\u00e7a os valores nutricionais deste produto<br \/>\nQuantidade por por\u00e7\u00e3o de 0g (0 Colheres de Sopa) %VD(*)<br \/>\nValor Energ\u00e9tico 0Kcal=0KJ 0<br \/>\nCarboidratos 0g 0<br \/>\nProte\u00ednas 0g 0<br \/>\nGorduras Totais 0g 0<br \/>\nGorduras Saturadas 0g 0<br \/>\nGorduras Trans 0g **<br \/>\nFibra Alimentar 0g 0<br \/>\nS\u00f3dio 0mg 0<br \/>\n(*)% Valores Di\u00e1rios de refer\u00eancia com base em uma dieta de 2.000 kcal ou 8.400 kJ. Seus valores di\u00e1rios podem ser maiores ou menores dependendo de suas necessidades energ\u00e9ticas.<\/p>\n<p>Ingrediente(s): Carqueja amarga (Baccharis trimera).<\/p>\n<p>AL\u00c9RGICOS: PODE CONTER TRA\u00c7OS DE SOJA, NOZES, CASTANHAS E AMENDOINS.<\/p>\n<p>N\u00c3O CONT\u00c9M GL\u00daTEN.<\/p>\n<p>CARACTER\u00cdSTICAS<br \/>\nSem Gl\u00faten: Sim<br \/>\nVegano: Sim<br \/>\nLow Carb: Sim<br \/>\nOrg\u00e2nico: N\u00e3o<br \/>\nLivre Transg\u00eanicos: Sim<br \/>\nSem Lactose: Sim<br \/>\nOrigem: Nacional<br \/>\nGranel: Sim<\/p>\n","protected":false},"excerpt":{"rendered":"<p>A Carqueja Amarga \u00e9 uma planta medicinal origin\u00e1ria do Brasil, muito utilizada para auxiliar em diversos tratamentos.<\/p>\n<p>A Carqueja Amarga \u00e9 uma unanimidade em todos os melhores estudos e livros publicados no Brasil sobre a utiliza\u00e7\u00e3o de plantas nos cuidados da sa\u00fade.<\/p>\n<p>Os benef\u00edcios do Ch\u00e1 de Carqueja Amarga s\u00e3o consequ\u00eancia da grande presen\u00e7a de flavonoides em sua composi\u00e7\u00e3o, subst\u00e2ncia altamente ben\u00e9fica \u00e0 sa\u00fade humana.<\/p>\n<p>Quais s\u00e3o os Benef\u00edcios da Carqueja Amarga?<br \/>\nA Carqueja Amarga \u00e9 muito conhecida por sua a\u00e7\u00e3o diur\u00e9tica, antidisp\u00e9ptica, antigripal, anti-inflamat\u00f3ria, anti-reum\u00e1tica e tamb\u00e9m arom\u00e1tica.<\/p>\n<p>Al\u00e9m disso, tamb\u00e9m pode contribuir para um bom funcionamento hep\u00e1tico e sangu\u00edneo, ajuda a eliminar as toxinas, \u00e9 emoliente, e pode ajudar a baixar a febre.<\/p>\n<p>Como utilizar a Carqueja Amarga?<br \/>\nO uso mais comum da Carqueja Amarga \u00e9 sob a forma de ch\u00e1 na propor\u00e7\u00e3o de 20g de folhas picadas para um litro de \u00e1gua, devendo ser tomado de 3 a 4 vezes por dia.<\/p>\n<p>Gostou? Fa\u00e7a sua compra agora e receba com todo conforto na sua casa ou trabalho.<\/p>\n","protected":false},"featured_media":210,"comment_status":"open","ping_status":"closed","template":"","meta":[],"product_cat":[74],"product_tag":[],"class_list":{"0":"post-209","1":"product","2":"type-product","3":"status-publish","4":"has-post-thumbnail","6":"product_cat-chas-e-ervas","8":"first","9":"instock","10":"shipping-taxable","11":"product-type-simple"},"supplier_id":null,"supplier_sku":"","barcode":null,"atum_controlled":true,"out_stock_date":null,"out_stock_threshold":null,"inheritable":false,"inbound_stock":0,"stock_on_hold":0,"sold_today":0,"sales_last_days":0,"reserved_stock":0,"customer_returns":0,"warehouse_damage":0,"lost_in_post":0,"other_logs":0,"out_stock_days":0,"lost_sales":0,"has_location":false,"update_date":"2026-04-22T12:24:24","atum_locations":[],"atum_stock_status":"instock","restock_status":false,"low_stock_amount":"","sales_update_date":"2026-04-22T12:24:24","calc_backorders":null,"_links":{"self":[{"href":"https:\/\/emporiodoturquinho.com.br\/index.php?rest_route=\/wp\/v2\/product\/209","targetHints":{"allow":["GET"]}}],"collection":[{"href":"https:\/\/emporiodoturquinho.com.br\/index.php?rest_route=\/wp\/v2\/product"}],"about":[{"href":"https:\/\/emporiodoturquinho.com.br\/index.php?rest_route=\/wp\/v2\/types\/product"}],"replies":[{"embeddable":true,"href":"https:\/\/emporiodoturquinho.com.br\/index.php?rest_route=%2Fwp%2Fv2%2Fcomments&post=209"}],"wp:featuredmedia":[{"embeddable":true,"href":"https:\/\/emporiodoturquinho.com.br\/index.php?rest_route=\/wp\/v2\/media\/210"}],"wp:attachment":[{"href":"https:\/\/emporiodoturquinho.com.br\/index.php?rest_route=%2Fwp%2Fv2%2Fmedia&parent=209"}],"wp:term":[{"taxonomy":"product_cat","embeddable":true,"href":"https:\/\/emporiodoturquinho.com.br\/index.php?rest_route=%2Fwp%2Fv2%2Fproduct_cat&post=209"},{"taxonomy":"product_tag","embeddable":true,"href":"https:\/\/emporiodoturquinho.com.br\/index.php?rest_route=%2Fwp%2Fv2%2Fproduct_tag&post=209"}],"curies":[{"name":"wp","href":"https:\/\/api.w.org\/{rel}","templated":true}]}}