{"id":204,"date":"2024-01-23T16:21:41","date_gmt":"2024-01-23T19:21:41","guid":{"rendered":"http:\/\/emporiodoturquinho.com.br\/?post_type=product&#038;p=204"},"modified":"2024-01-23T16:21:41","modified_gmt":"2024-01-23T19:21:41","slug":"capim-cidreira","status":"publish","type":"product","link":"https:\/\/emporiodoturquinho.com.br\/?product=capim-cidreira","title":{"rendered":"CAPIM CIDREIRA"},"content":{"rendered":"<p>VALORES NUTRICIONAIS Conhe\u00e7a os valores nutricionais deste produto<br \/>\nQuantidade por por\u00e7\u00e3o de 0g (0 Colheres de Sopa) %VD(*)<br \/>\nValor Energ\u00e9tico 0Kcal=0KJ 0<br \/>\nCarboidratos 0g 0<br \/>\nProte\u00ednas 0g 0<br \/>\nGorduras Totais 0g 0<br \/>\nGorduras Saturadas 0g 0<br \/>\nGorduras Trans 0g **<br \/>\nFibra Alimentar 0g 0<br \/>\nS\u00f3dio 0mg 0<br \/>\n(*)% Valores Di\u00e1rios de refer\u00eancia com base em uma dieta de 2.000 kcal ou 8.400 kJ. Seus valores di\u00e1rios podem ser maiores ou menores dependendo de suas necessidades energ\u00e9ticas.<\/p>\n<p>Ingrediente(s): Canela de velho.<\/p>\n<p>AL\u00c9RGICOS: PODE CONTER TRA\u00c7OS DE SOJA, NOZES, CASTANHAS E AMENDOINS.<\/p>\n<p>N\u00c3O CONT\u00c9M GL\u00daTEN<\/p>\n<p>CARACTER\u00cdSTICAS<br \/>\nSem Gl\u00faten: Sim<br \/>\nVegano: Sim<br \/>\nLow Carb: Sim<br \/>\nOrg\u00e2nico: N\u00e3o<br \/>\nLivre Transg\u00eanicos: Sim<br \/>\nSem Lactose: Sim<br \/>\nOrigem: Nacional<br \/>\nGranel: Sim<\/p>\n","protected":false},"excerpt":{"rendered":"<p>Cientificamente conhecida como Miconia Albicans, Canela de Velho \u00e9 uma planta origin\u00e1ria do Nordeste. Boa fonte de fiqu\u00edmicos, \u00e9 muito conhecida por seus potenciais benef\u00edcios naturais sobre as articula\u00e7\u00f5es.<\/p>\n<p>Quais as propriedades da Canela de Velho?<\/p>\n<p>A Canela de Velho \u00e9 fonte de flavon\u00f3ides, subst\u00e2ncia conhecida e valorizada por ser um poderoso antioxidante capaz de reduzir os radicais livres que causam danos \u00e0 sa\u00fade!<\/p>\n<p>Sugest\u00e3o de Consumo da Canela de Velho<\/p>\n<p>Para fazer o Ch\u00e1 de Canela de Velho voc\u00ea vai precisar de 1 litro de \u00e1gua 2 a 3 colheres de sopa de canela de velho. Em um recipiente coloque 1 litro de \u00e1gua e espere levantar fervura. Coloque as folhas no recipiente com o fogo ainda ligado e aguarde 30 segundos. Desligue o fogo e deixe descansar por 1 hora. Coe e beba na temperatura que preferir.<\/p>\n<p>Gostou? Fa\u00e7a sua compra agora e receba com todo conforto na sua casa ou trabalho.<\/p>\n","protected":false},"featured_media":205,"comment_status":"open","ping_status":"closed","template":"","meta":[],"product_cat":[74],"product_tag":[],"class_list":{"0":"post-204","1":"product","2":"type-product","3":"status-publish","4":"has-post-thumbnail","6":"product_cat-chas-e-ervas","8":"first","9":"instock","10":"shipping-taxable","11":"product-type-simple"},"supplier_id":null,"supplier_sku":"","barcode":null,"atum_controlled":true,"out_stock_date":null,"out_stock_threshold":null,"inheritable":false,"inbound_stock":0,"stock_on_hold":0,"sold_today":0,"sales_last_days":0,"reserved_stock":0,"customer_returns":0,"warehouse_damage":0,"lost_in_post":0,"other_logs":0,"out_stock_days":0,"lost_sales":0,"has_location":false,"update_date":"2026-04-22T12:24:24","atum_locations":[],"atum_stock_status":"instock","restock_status":false,"low_stock_amount":"","sales_update_date":"2026-04-22T12:24:24","calc_backorders":null,"_links":{"self":[{"href":"https:\/\/emporiodoturquinho.com.br\/index.php?rest_route=\/wp\/v2\/product\/204","targetHints":{"allow":["GET"]}}],"collection":[{"href":"https:\/\/emporiodoturquinho.com.br\/index.php?rest_route=\/wp\/v2\/product"}],"about":[{"href":"https:\/\/emporiodoturquinho.com.br\/index.php?rest_route=\/wp\/v2\/types\/product"}],"replies":[{"embeddable":true,"href":"https:\/\/emporiodoturquinho.com.br\/index.php?rest_route=%2Fwp%2Fv2%2Fcomments&post=204"}],"wp:featuredmedia":[{"embeddable":true,"href":"https:\/\/emporiodoturquinho.com.br\/index.php?rest_route=\/wp\/v2\/media\/205"}],"wp:attachment":[{"href":"https:\/\/emporiodoturquinho.com.br\/index.php?rest_route=%2Fwp%2Fv2%2Fmedia&parent=204"}],"wp:term":[{"taxonomy":"product_cat","embeddable":true,"href":"https:\/\/emporiodoturquinho.com.br\/index.php?rest_route=%2Fwp%2Fv2%2Fproduct_cat&post=204"},{"taxonomy":"product_tag","embeddable":true,"href":"https:\/\/emporiodoturquinho.com.br\/index.php?rest_route=%2Fwp%2Fv2%2Fproduct_tag&post=204"}],"curies":[{"name":"wp","href":"https:\/\/api.w.org\/{rel}","templated":true}]}}