{"id":198,"date":"2024-01-23T16:19:21","date_gmt":"2024-01-23T19:19:21","guid":{"rendered":"http:\/\/emporiodoturquinho.com.br\/?post_type=product&#038;p=198"},"modified":"2024-01-23T16:19:21","modified_gmt":"2024-01-23T19:19:21","slug":"boldo-desidratado","status":"publish","type":"product","link":"https:\/\/emporiodoturquinho.com.br\/?product=boldo-desidratado","title":{"rendered":"BOLDO DESIDRATADO"},"content":{"rendered":"<p>VALORES NUTRICIONAIS Conhe\u00e7a os valores nutricionais deste produto<br \/>\nQuantidade por por\u00e7\u00e3o de 0g (0 Colheres de Sopa) %VD(*)<br \/>\nValor Energ\u00e9tico 0Kcal=0KJ 0<br \/>\nCarboidratos 0g 0<br \/>\nProte\u00ednas 0g 0<br \/>\nGorduras Totais 0g 0<br \/>\nGorduras Saturadas 0g 0<br \/>\nGorduras Trans 0g **<br \/>\nFibra Alimentar 0g 0<br \/>\nS\u00f3dio 0mg 0<br \/>\n(*)% Valores Di\u00e1rios de refer\u00eancia com base em uma dieta de 2.000 kcal ou 8.400 kJ. Seus valores di\u00e1rios podem ser maiores ou menores dependendo de suas necessidades energ\u00e9ticas.<\/p>\n<p>Ingrediente(s): Boldo do Chile (Peumus boldus Molina).<\/p>\n<p>AL\u00c9RGICOS: PODE CONTER TRA\u00c7OS DE SOJA, NOZES, CASTANHAS E AMENDOINS.<\/p>\n<p>N\u00c3O CONT\u00c9M GL\u00daTEN.<\/p>\n<p>CARACTER\u00cdSTICAS<br \/>\nSem Gl\u00faten: Sim<br \/>\nVegano: Sim<br \/>\nLow Carb: Sim<br \/>\nOrg\u00e2nico: N\u00e3o<br \/>\nLivre Transg\u00eanicos: Sim<br \/>\nSem Lactose: Sim<br \/>\nOrigem: Importado<br \/>\nGranel: Sim<\/p>\n","protected":false},"excerpt":{"rendered":"<p>O Boldo do Chile (Peumus boldus Molina) \u00e9 uma \u00e1rvore que pertence \u00e0 fam\u00edlia das Monimiaceae, que \u00e9 uma fam\u00edlia de plantas angiosp\u00e9rmicas (plantas com flor &#8211; divis\u00e3o Magnoliophyta).<\/p>\n<p>Quais s\u00e3o as propriedades do Boldo do Chile?<br \/>\nAs propriedades fitoter\u00e1picas de suas folhas eram conhecidas das comunidades ind\u00edgenas sul-americanas que habitavam os Andes chilenos, tornando-se conhecidas mundialmente a partir da coloniza\u00e7\u00e3o europeia da Am\u00e9rica.<\/p>\n<p>A boldina, principal componente da planta, estimula a secre\u00e7\u00e3o de bile, subst\u00e2ncia produzida pelo f\u00edgado que age na quebra de gorduras. Assim, o Boldo do Chile \u00e9 amigo da digest\u00e3o e tamb\u00e9m do f\u00edgado!<\/p>\n<p>Como utilizar o Boldo do Chile?<br \/>\nSugest\u00e3o de preparo: colocar em infus\u00e3o, em um litro de \u00e1gua fervente 1 colher de sopa de Boldo do Chile, deixe levantar fervura. Desligue o fogo e abafe por dez minutos. 1 x\u00edcara 3 a 4 vezes ao dia.<\/p>\n<p>Quais s\u00e3o as contra indica\u00e7\u00f5es do Boldo do Chile?<br \/>\nEm caso de c\u00e1lculos renais, o ch\u00e1 de Boldo do Chile \u00e9 contraindicado assim como na gravidez. Pesquisas indicam que o Boldo do Chile pode ter efeito abortivo e teratog\u00eanico, assim como, tamb\u00e9m n\u00e3o \u00e9 aconselhado seu uso em beb\u00eas.<\/p>\n<p>Gostou? Fa\u00e7a sua compra agora e receba com todo conforto na sua casa ou trabalho.<\/p>\n","protected":false},"featured_media":199,"comment_status":"open","ping_status":"closed","template":"","meta":[],"product_cat":[74],"product_tag":[],"class_list":{"0":"post-198","1":"product","2":"type-product","3":"status-publish","4":"has-post-thumbnail","6":"product_cat-chas-e-ervas","8":"first","9":"instock","10":"shipping-taxable","11":"product-type-simple"},"supplier_id":null,"supplier_sku":"","barcode":null,"atum_controlled":true,"out_stock_date":null,"out_stock_threshold":null,"inheritable":false,"inbound_stock":0,"stock_on_hold":0,"sold_today":0,"sales_last_days":0,"reserved_stock":0,"customer_returns":0,"warehouse_damage":0,"lost_in_post":0,"other_logs":0,"out_stock_days":0,"lost_sales":0,"has_location":false,"update_date":"2026-04-22T12:24:24","atum_locations":[],"atum_stock_status":"instock","restock_status":false,"low_stock_amount":"","sales_update_date":"2026-04-22T12:24:24","calc_backorders":null,"_links":{"self":[{"href":"https:\/\/emporiodoturquinho.com.br\/index.php?rest_route=\/wp\/v2\/product\/198","targetHints":{"allow":["GET"]}}],"collection":[{"href":"https:\/\/emporiodoturquinho.com.br\/index.php?rest_route=\/wp\/v2\/product"}],"about":[{"href":"https:\/\/emporiodoturquinho.com.br\/index.php?rest_route=\/wp\/v2\/types\/product"}],"replies":[{"embeddable":true,"href":"https:\/\/emporiodoturquinho.com.br\/index.php?rest_route=%2Fwp%2Fv2%2Fcomments&post=198"}],"wp:featuredmedia":[{"embeddable":true,"href":"https:\/\/emporiodoturquinho.com.br\/index.php?rest_route=\/wp\/v2\/media\/199"}],"wp:attachment":[{"href":"https:\/\/emporiodoturquinho.com.br\/index.php?rest_route=%2Fwp%2Fv2%2Fmedia&parent=198"}],"wp:term":[{"taxonomy":"product_cat","embeddable":true,"href":"https:\/\/emporiodoturquinho.com.br\/index.php?rest_route=%2Fwp%2Fv2%2Fproduct_cat&post=198"},{"taxonomy":"product_tag","embeddable":true,"href":"https:\/\/emporiodoturquinho.com.br\/index.php?rest_route=%2Fwp%2Fv2%2Fproduct_tag&post=198"}],"curies":[{"name":"wp","href":"https:\/\/api.w.org\/{rel}","templated":true}]}}