{"id":196,"date":"2024-01-23T16:17:10","date_gmt":"2024-01-23T19:17:10","guid":{"rendered":"http:\/\/emporiodoturquinho.com.br\/?post_type=product&#038;p=196"},"modified":"2024-01-23T16:17:10","modified_gmt":"2024-01-23T19:17:10","slug":"alfazema-azul","status":"publish","type":"product","link":"https:\/\/emporiodoturquinho.com.br\/?product=alfazema-azul","title":{"rendered":"ALFAZEMA AZUL"},"content":{"rendered":"<p>VALORES NUTRICIONAIS Conhe\u00e7a os valores nutricionais deste produto<br \/>\nQuantidade por por\u00e7\u00e3o de 0g (0 Colher de Sopa) %VD(*)<br \/>\nValor Energ\u00e9tico 0Kcal=0KJ 0<br \/>\nCarboidratos 0g 0<br \/>\nProte\u00ednas 0g 0<br \/>\nGorduras Totais 0g 0<br \/>\nGorduras Saturadas 0g 0<br \/>\nGorduras Trans 0g **<br \/>\nFibra Alimentar 0g 0<br \/>\nS\u00f3dio 0mg 0<br \/>\n(*)% Valores Di\u00e1rios de refer\u00eancia com base em uma dieta de 2.000 kcal ou 8.400 kJ. Seus valores di\u00e1rios podem ser maiores ou menores dependendo de suas necessidades energ\u00e9ticas.<\/p>\n<p>Ingrediente(s): Alfazema desidratada.<\/p>\n<p>Ap\u00f3s abertura da embalagem, mantenha bem fechada, armazenando-a em local fresco e seco.<\/p>\n<p>AL\u00c9RGICOS: PODE CONTER TRA\u00c7OS DE SOJA, NOZES, CASTANHAS E AMENDOINS.<\/p>\n<p>N\u00c3O CONT\u00c9M GL\u00daTEN.<\/p>\n<p>CARACTER\u00cdSTICAS<br \/>\nSem Gl\u00faten: Sim<br \/>\nVegano: Sim<br \/>\nLow Carb: Sim<br \/>\nOrg\u00e2nico: N\u00e3o<br \/>\nLivre Transg\u00eanicos: Sim<br \/>\nSem Lactose: Sim<br \/>\nOrigem: Importado<br \/>\nGranel: Sim<\/p>\n","protected":false},"excerpt":{"rendered":"<p>A Alfazema \u00e9 uma pequena flor de colora\u00e7\u00e3o lil\u00e1s, altamente arom\u00e1tica e muito utilizada desde os tempos antigos para reduzir sintomas de stress e fornecer suporte para v\u00e1rias condi\u00e7\u00f5es similares.<\/p>\n<p>Qual a diferen\u00e7a entre Lavanda e Alfazema?<br \/>\nAmbas possuem as mesmas caracter\u00edsticas e apar\u00eancia. No entanto, a Lavanda possui aroma mais canforado.<\/p>\n<p>Benef\u00edcios da Alfazema<br \/>\nEstudos sugerem que o uso adequado da Alfazema, bem como de seu ch\u00e1 ou aromaterapia, podem trazer benef\u00edcios em v\u00e1rios aspectos da sa\u00fade.<\/p>\n<p>A Alfazema pode ajudar o indiv\u00edduo a relaxar, ter uma melhor qualidade de sono e ainda pode trazer resultados satisfat\u00f3rios aos cabelos e pele. Na aromaterapia a Alfazema \u00e9 bastante utilizada para os mesmos fins e tamb\u00e9m para ajudar com problemas de humor.<\/p>\n<p>Como fazer ch\u00e1 de alfazema?<br \/>\nAdicione um punhado de alfazema em uma x\u00edcara de \u00e1gua fervente, tampe e aguarde de 5 a 10 minutos. Depois, coe, deixar amornar e beba.<\/p>\n","protected":false},"featured_media":197,"comment_status":"open","ping_status":"closed","template":"","meta":[],"product_cat":[74],"product_tag":[],"class_list":{"0":"post-196","1":"product","2":"type-product","3":"status-publish","4":"has-post-thumbnail","6":"product_cat-chas-e-ervas","8":"first","9":"instock","10":"shipping-taxable","11":"product-type-simple"},"supplier_id":null,"supplier_sku":"","barcode":null,"atum_controlled":true,"out_stock_date":null,"out_stock_threshold":null,"inheritable":false,"inbound_stock":0,"stock_on_hold":0,"sold_today":0,"sales_last_days":0,"reserved_stock":0,"customer_returns":0,"warehouse_damage":0,"lost_in_post":0,"other_logs":0,"out_stock_days":0,"lost_sales":0,"has_location":false,"update_date":"2026-04-22T12:24:24","atum_locations":[],"atum_stock_status":"instock","restock_status":false,"low_stock_amount":"","sales_update_date":"2026-04-22T12:24:24","calc_backorders":null,"_links":{"self":[{"href":"https:\/\/emporiodoturquinho.com.br\/index.php?rest_route=\/wp\/v2\/product\/196","targetHints":{"allow":["GET"]}}],"collection":[{"href":"https:\/\/emporiodoturquinho.com.br\/index.php?rest_route=\/wp\/v2\/product"}],"about":[{"href":"https:\/\/emporiodoturquinho.com.br\/index.php?rest_route=\/wp\/v2\/types\/product"}],"replies":[{"embeddable":true,"href":"https:\/\/emporiodoturquinho.com.br\/index.php?rest_route=%2Fwp%2Fv2%2Fcomments&post=196"}],"wp:featuredmedia":[{"embeddable":true,"href":"https:\/\/emporiodoturquinho.com.br\/index.php?rest_route=\/wp\/v2\/media\/197"}],"wp:attachment":[{"href":"https:\/\/emporiodoturquinho.com.br\/index.php?rest_route=%2Fwp%2Fv2%2Fmedia&parent=196"}],"wp:term":[{"taxonomy":"product_cat","embeddable":true,"href":"https:\/\/emporiodoturquinho.com.br\/index.php?rest_route=%2Fwp%2Fv2%2Fproduct_cat&post=196"},{"taxonomy":"product_tag","embeddable":true,"href":"https:\/\/emporiodoturquinho.com.br\/index.php?rest_route=%2Fwp%2Fv2%2Fproduct_tag&post=196"}],"curies":[{"name":"wp","href":"https:\/\/api.w.org\/{rel}","templated":true}]}}