{"id":1051,"date":"2026-05-13T18:52:25","date_gmt":"2026-05-13T21:52:25","guid":{"rendered":"https:\/\/emporiodoturquinho.com.br\/?post_type=product&#038;p=1051"},"modified":"2026-05-13T18:52:25","modified_gmt":"2026-05-13T21:52:25","slug":"xarope-da-vovo-isabel","status":"publish","type":"product","link":"https:\/\/emporiodoturquinho.com.br\/?product=xarope-da-vovo-isabel","title":{"rendered":"XAROPE DA VOV\u00d3 ISABEL"},"content":{"rendered":"<p data-start=\"0\" data-end=\"30\"><strong data-start=\"3\" data-end=\"28\">XAROPE DA VOV\u00d3 ISABEL<\/strong><\/p>\n<p data-start=\"32\" data-end=\"249\">O Xarope da Vov\u00f3 Isabel \u00e9 um composto natural tradicional, elaborado com extratos vegetais, mel e pr\u00f3polis, conhecido popularmente por auxiliar no al\u00edvio da tosse, irrita\u00e7\u00e3o na garganta e desconfortos respirat\u00f3rios.<\/p>\n<p data-start=\"251\" data-end=\"446\">Sua f\u00f3rmula re\u00fane ingredientes naturais como agri\u00e3o, alho, copa\u00edba, eucalipto, rom\u00e3, guaco, poejo e mel, proporcionando uma sensa\u00e7\u00e3o refrescante e reconfortante para as vias respirat\u00f3rias.<\/p>\n","protected":false},"excerpt":{"rendered":"<p><strong data-start=\"450\" data-end=\"476\">Benef\u00edcios do produto:<\/strong><br data-start=\"476\" data-end=\"479\" \/>\u2022 Auxilia no al\u00edvio da tosse<br data-start=\"507\" data-end=\"510\" \/>\u2022 Ajuda a suavizar a garganta<br data-start=\"539\" data-end=\"542\" \/>\u2022 Sensa\u00e7\u00e3o refrescante nas vias respirat\u00f3rias<br data-start=\"587\" data-end=\"590\" \/>\u2022 F\u00f3rmula com ingredientes naturais<br data-start=\"625\" data-end=\"628\" \/>\u2022 Sabor tradicional e agrad\u00e1vel<\/p>\n","protected":false},"featured_media":1052,"comment_status":"open","ping_status":"closed","template":"","meta":[],"product_cat":[18,37],"product_tag":[],"class_list":{"0":"post-1051","1":"product","2":"type-product","3":"status-publish","4":"has-post-thumbnail","6":"product_cat-especiais","7":"product_cat-suplementos","9":"first","10":"instock","11":"shipping-taxable","12":"product-type-simple"},"supplier_id":null,"supplier_sku":"","barcode":null,"atum_controlled":true,"out_stock_date":null,"out_stock_threshold":null,"inheritable":false,"inbound_stock":null,"stock_on_hold":0,"sold_today":0,"sales_last_days":0,"reserved_stock":null,"customer_returns":null,"warehouse_damage":null,"lost_in_post":null,"other_logs":null,"out_stock_days":0,"lost_sales":0,"has_location":false,"update_date":"2026-05-16T14:26:18","atum_locations":[],"atum_stock_status":"instock","restock_status":false,"low_stock_amount":"","sales_update_date":"2026-05-16T14:26:18","calc_backorders":null,"_links":{"self":[{"href":"https:\/\/emporiodoturquinho.com.br\/index.php?rest_route=\/wp\/v2\/product\/1051","targetHints":{"allow":["GET"]}}],"collection":[{"href":"https:\/\/emporiodoturquinho.com.br\/index.php?rest_route=\/wp\/v2\/product"}],"about":[{"href":"https:\/\/emporiodoturquinho.com.br\/index.php?rest_route=\/wp\/v2\/types\/product"}],"replies":[{"embeddable":true,"href":"https:\/\/emporiodoturquinho.com.br\/index.php?rest_route=%2Fwp%2Fv2%2Fcomments&post=1051"}],"wp:featuredmedia":[{"embeddable":true,"href":"https:\/\/emporiodoturquinho.com.br\/index.php?rest_route=\/wp\/v2\/media\/1052"}],"wp:attachment":[{"href":"https:\/\/emporiodoturquinho.com.br\/index.php?rest_route=%2Fwp%2Fv2%2Fmedia&parent=1051"}],"wp:term":[{"taxonomy":"product_cat","embeddable":true,"href":"https:\/\/emporiodoturquinho.com.br\/index.php?rest_route=%2Fwp%2Fv2%2Fproduct_cat&post=1051"},{"taxonomy":"product_tag","embeddable":true,"href":"https:\/\/emporiodoturquinho.com.br\/index.php?rest_route=%2Fwp%2Fv2%2Fproduct_tag&post=1051"}],"curies":[{"name":"wp","href":"https:\/\/api.w.org\/{rel}","templated":true}]}}