{"id":1047,"date":"2026-05-11T07:31:32","date_gmt":"2026-05-11T10:31:32","guid":{"rendered":"https:\/\/emporiodoturquinho.com.br\/?post_type=product&#038;p=1047"},"modified":"2026-05-11T07:31:32","modified_gmt":"2026-05-11T10:31:32","slug":"feno-grego-em-graos","status":"publish","type":"product","link":"https:\/\/emporiodoturquinho.com.br\/?product=feno-grego-em-graos","title":{"rendered":"FENO GREGO EM GR\u00c3OS"},"content":{"rendered":"<p>O feno-grego em gr\u00e3os \u00e9 uma semente vers\u00e1til, rica em fibras e prote\u00ednas, utilizada para auxiliar na digest\u00e3o, controlar o a\u00e7\u00facar no sangue, aumentar a libido e a testosterona. Com sabor amargo e aroma intenso, \u00e9 comum em pratos funcionais, ch\u00e1s e culin\u00e1ria, podendo ser tostado ou mo\u00eddo.<\/p>\n","protected":false},"excerpt":{"rendered":"<p>Principais Benef\u00edcios e Usos:Sa\u00fade Digestiva e Metab\u00f3lica: Rico em fibras, ajuda na digest\u00e3o, combate o incha\u00e7o e auxilia na regula\u00e7\u00e3o da glicose, sendo ben\u00e9fico para quem tem resist\u00eancia \u00e0 insulina.Aumento de Testosterona e Libido: Utilizado para aumentar os n\u00edveis de testosterona e melhorar a libido tanto em homens quanto em mulheres.Sa\u00fade Feminina: Pode aliviar sintomas da menopausa e TPM, al\u00e9m de auxiliar no aumento da produ\u00e7\u00e3o de leite materno.Uso Culin\u00e1rio: Frequentemente utilizado em curries<\/p>\n","protected":false},"featured_media":1048,"comment_status":"open","ping_status":"closed","template":"","meta":[],"product_cat":[18,37],"product_tag":[],"class_list":{"0":"post-1047","1":"product","2":"type-product","3":"status-publish","4":"has-post-thumbnail","6":"product_cat-especiais","7":"product_cat-suplementos","9":"first","10":"instock","11":"shipping-taxable","12":"product-type-simple"},"supplier_id":null,"supplier_sku":"","barcode":null,"atum_controlled":true,"out_stock_date":null,"out_stock_threshold":null,"inheritable":false,"inbound_stock":null,"stock_on_hold":0,"sold_today":0,"sales_last_days":0,"reserved_stock":null,"customer_returns":null,"warehouse_damage":null,"lost_in_post":null,"other_logs":null,"out_stock_days":0,"lost_sales":0,"has_location":false,"update_date":"2026-05-16T14:26:17","atum_locations":[],"atum_stock_status":"instock","restock_status":false,"low_stock_amount":"","sales_update_date":"2026-05-16T14:26:17","calc_backorders":null,"_links":{"self":[{"href":"https:\/\/emporiodoturquinho.com.br\/index.php?rest_route=\/wp\/v2\/product\/1047","targetHints":{"allow":["GET"]}}],"collection":[{"href":"https:\/\/emporiodoturquinho.com.br\/index.php?rest_route=\/wp\/v2\/product"}],"about":[{"href":"https:\/\/emporiodoturquinho.com.br\/index.php?rest_route=\/wp\/v2\/types\/product"}],"replies":[{"embeddable":true,"href":"https:\/\/emporiodoturquinho.com.br\/index.php?rest_route=%2Fwp%2Fv2%2Fcomments&post=1047"}],"wp:featuredmedia":[{"embeddable":true,"href":"https:\/\/emporiodoturquinho.com.br\/index.php?rest_route=\/wp\/v2\/media\/1048"}],"wp:attachment":[{"href":"https:\/\/emporiodoturquinho.com.br\/index.php?rest_route=%2Fwp%2Fv2%2Fmedia&parent=1047"}],"wp:term":[{"taxonomy":"product_cat","embeddable":true,"href":"https:\/\/emporiodoturquinho.com.br\/index.php?rest_route=%2Fwp%2Fv2%2Fproduct_cat&post=1047"},{"taxonomy":"product_tag","embeddable":true,"href":"https:\/\/emporiodoturquinho.com.br\/index.php?rest_route=%2Fwp%2Fv2%2Fproduct_tag&post=1047"}],"curies":[{"name":"wp","href":"https:\/\/api.w.org\/{rel}","templated":true}]}}