{"id":1039,"date":"2026-04-15T08:05:09","date_gmt":"2026-04-15T11:05:09","guid":{"rendered":"https:\/\/emporiodoturquinho.com.br\/?post_type=product&#038;p=1039"},"modified":"2026-04-15T08:05:09","modified_gmt":"2026-04-15T11:05:09","slug":"mix-energetico","status":"publish","type":"product","link":"https:\/\/emporiodoturquinho.com.br\/?product=mix-energetico","title":{"rendered":"MIX ENERG\u00c9TICO"},"content":{"rendered":"<p>O mix energ\u00e9tico \u00e9 uma mistura funcional de ingredientes naturais, como guaran\u00e1, maca peruana, beterraba e gengibre em p\u00f3, focada em aumentar a energia, disposi\u00e7\u00e3o, foco e desempenho f\u00edsico\/mental. Geralmente, 1 colher de ch\u00e1 \u00e9 misturada em 150-200ml de \u00e1gua, sucos ou vitaminas, sendo ideal para o pr\u00e9-treino<\/p>\n","protected":false},"excerpt":{"rendered":"<p>O mix energ\u00e9tico \u00e9 uma mistura funcional de ingredientes naturais, como guaran\u00e1, maca peruana, beterraba e gengibre em p\u00f3, focada em aumentar a energia, disposi\u00e7\u00e3o, foco<span class=\"excerpt-hellip\"> [\u2026]<\/span><\/p>\n","protected":false},"featured_media":1040,"comment_status":"open","ping_status":"closed","template":"","meta":[],"product_cat":[37],"product_tag":[],"class_list":{"0":"post-1039","1":"product","2":"type-product","3":"status-publish","4":"has-post-thumbnail","6":"product_cat-suplementos","8":"first","9":"instock","10":"shipping-taxable","11":"product-type-simple"},"supplier_id":null,"supplier_sku":"","barcode":null,"atum_controlled":true,"out_stock_date":null,"out_stock_threshold":null,"inheritable":false,"inbound_stock":null,"stock_on_hold":0,"sold_today":0,"sales_last_days":0,"reserved_stock":null,"customer_returns":null,"warehouse_damage":null,"lost_in_post":null,"other_logs":null,"out_stock_days":0,"lost_sales":0,"has_location":false,"update_date":"2026-04-22T12:24:26","atum_locations":[],"atum_stock_status":"instock","restock_status":false,"low_stock_amount":"","sales_update_date":"2026-04-22T12:24:26","calc_backorders":null,"_links":{"self":[{"href":"https:\/\/emporiodoturquinho.com.br\/index.php?rest_route=\/wp\/v2\/product\/1039","targetHints":{"allow":["GET"]}}],"collection":[{"href":"https:\/\/emporiodoturquinho.com.br\/index.php?rest_route=\/wp\/v2\/product"}],"about":[{"href":"https:\/\/emporiodoturquinho.com.br\/index.php?rest_route=\/wp\/v2\/types\/product"}],"replies":[{"embeddable":true,"href":"https:\/\/emporiodoturquinho.com.br\/index.php?rest_route=%2Fwp%2Fv2%2Fcomments&post=1039"}],"wp:featuredmedia":[{"embeddable":true,"href":"https:\/\/emporiodoturquinho.com.br\/index.php?rest_route=\/wp\/v2\/media\/1040"}],"wp:attachment":[{"href":"https:\/\/emporiodoturquinho.com.br\/index.php?rest_route=%2Fwp%2Fv2%2Fmedia&parent=1039"}],"wp:term":[{"taxonomy":"product_cat","embeddable":true,"href":"https:\/\/emporiodoturquinho.com.br\/index.php?rest_route=%2Fwp%2Fv2%2Fproduct_cat&post=1039"},{"taxonomy":"product_tag","embeddable":true,"href":"https:\/\/emporiodoturquinho.com.br\/index.php?rest_route=%2Fwp%2Fv2%2Fproduct_tag&post=1039"}],"curies":[{"name":"wp","href":"https:\/\/api.w.org\/{rel}","templated":true}]}}