{"id":1021,"date":"2025-07-15T13:03:52","date_gmt":"2025-07-15T16:03:52","guid":{"rendered":"https:\/\/emporiodoturquinho.com.br\/?post_type=product&#038;p=1021"},"modified":"2025-07-15T13:03:52","modified_gmt":"2025-07-15T16:03:52","slug":"topslim-thermo","status":"publish","type":"product","link":"https:\/\/emporiodoturquinho.com.br\/?product=topslim-thermo","title":{"rendered":"TOPSLIM THERMO"},"content":{"rendered":"<p>Topslim Thermo Herbamed \u00e9 um suplemento alimentar em c\u00e1psulas.<\/p>\n","protected":false},"excerpt":{"rendered":"<p>O TopSlim Thermo da Herbamed \u00e9 indicado para auxiliar no controle de peso e no metabolismo. Esta f\u00f3rmula pode ser especialmente \u00fatil para pessoas que desejam aumentar a energia e melhorar o desempenho durante a atividade f\u00edsica.<\/p>\n<p>Ingredientes: TopSilm Thermo<br \/>\n&#8211; Cromo<br \/>\n&#8211; Cafe\u00edna<br \/>\n&#8211; L-Arginina<br \/>\n&#8211; Gengibre<br \/>\n&#8211; Pimenta<\/p>\n","protected":false},"featured_media":1022,"comment_status":"open","ping_status":"closed","template":"","meta":[],"product_cat":[37],"product_tag":[],"class_list":{"0":"post-1021","1":"product","2":"type-product","3":"status-publish","4":"has-post-thumbnail","6":"product_cat-suplementos","8":"first","9":"instock","10":"shipping-taxable","11":"product-type-simple"},"supplier_id":null,"supplier_sku":"","barcode":null,"atum_controlled":true,"out_stock_date":null,"out_stock_threshold":null,"inheritable":false,"inbound_stock":null,"stock_on_hold":0,"sold_today":0,"sales_last_days":0,"reserved_stock":null,"customer_returns":null,"warehouse_damage":null,"lost_in_post":null,"other_logs":null,"out_stock_days":0,"lost_sales":0,"has_location":false,"update_date":"2026-04-22T12:24:26","atum_locations":[],"atum_stock_status":"instock","restock_status":false,"low_stock_amount":"","sales_update_date":"2026-04-22T12:24:26","calc_backorders":null,"_links":{"self":[{"href":"https:\/\/emporiodoturquinho.com.br\/index.php?rest_route=\/wp\/v2\/product\/1021","targetHints":{"allow":["GET"]}}],"collection":[{"href":"https:\/\/emporiodoturquinho.com.br\/index.php?rest_route=\/wp\/v2\/product"}],"about":[{"href":"https:\/\/emporiodoturquinho.com.br\/index.php?rest_route=\/wp\/v2\/types\/product"}],"replies":[{"embeddable":true,"href":"https:\/\/emporiodoturquinho.com.br\/index.php?rest_route=%2Fwp%2Fv2%2Fcomments&post=1021"}],"wp:featuredmedia":[{"embeddable":true,"href":"https:\/\/emporiodoturquinho.com.br\/index.php?rest_route=\/wp\/v2\/media\/1022"}],"wp:attachment":[{"href":"https:\/\/emporiodoturquinho.com.br\/index.php?rest_route=%2Fwp%2Fv2%2Fmedia&parent=1021"}],"wp:term":[{"taxonomy":"product_cat","embeddable":true,"href":"https:\/\/emporiodoturquinho.com.br\/index.php?rest_route=%2Fwp%2Fv2%2Fproduct_cat&post=1021"},{"taxonomy":"product_tag","embeddable":true,"href":"https:\/\/emporiodoturquinho.com.br\/index.php?rest_route=%2Fwp%2Fv2%2Fproduct_tag&post=1021"}],"curies":[{"name":"wp","href":"https:\/\/api.w.org\/{rel}","templated":true}]}}