{"id":1019,"date":"2025-06-18T15:10:56","date_gmt":"2025-06-18T18:10:56","guid":{"rendered":"https:\/\/emporiodoturquinho.com.br\/?post_type=product&#038;p=1019"},"modified":"2025-06-18T15:10:56","modified_gmt":"2025-06-18T18:10:56","slug":"mix-de-vegetais-liofilizados","status":"publish","type":"product","link":"https:\/\/emporiodoturquinho.com.br\/?product=mix-de-vegetais-liofilizados","title":{"rendered":"MIX DE VEGETAIS LIOFILIZADOS"},"content":{"rendered":"<p>A liofiliza\u00e7\u00e3o\u00a0<b>\u00e9 um processo de desidrata\u00e7\u00e3o usado para preservar alimentos perec\u00edveis, princ\u00edpios ativos, bact\u00e9rias, etc<\/b>. A \u00e1gua \u00e9 retirada por sublima\u00e7\u00e3o, ou seja, n\u00e3o passa pelo estado l\u00edquido.<\/p>\n","protected":false},"excerpt":{"rendered":"<p>Uma excelente op\u00e7\u00e3o para quem busca por um alimento nutritivo, rico em vitaminas e minerais.\u00a0<b>O mix de vegetais \u00e9 uma excelente op\u00e7\u00e3o para pessoas que procuram manter uma alimenta\u00e7\u00e3o mais saud\u00e1vel e equilibrada<\/b>, consumindo uma diversidade de alimentos.<\/p>\n","protected":false},"featured_media":1020,"comment_status":"open","ping_status":"closed","template":"","meta":[],"product_cat":[77],"product_tag":[],"class_list":{"0":"post-1019","1":"product","2":"type-product","3":"status-publish","4":"has-post-thumbnail","6":"product_cat-frutas-desidratadas","8":"first","9":"instock","10":"shipping-taxable","11":"product-type-simple"},"supplier_id":null,"supplier_sku":"","barcode":null,"atum_controlled":true,"out_stock_date":null,"out_stock_threshold":null,"inheritable":false,"inbound_stock":null,"stock_on_hold":0,"sold_today":0,"sales_last_days":0,"reserved_stock":null,"customer_returns":null,"warehouse_damage":null,"lost_in_post":null,"other_logs":null,"out_stock_days":0,"lost_sales":0,"has_location":false,"update_date":"2026-04-22T12:24:26","atum_locations":[],"atum_stock_status":"instock","restock_status":false,"low_stock_amount":"","sales_update_date":"2026-04-22T12:24:26","calc_backorders":null,"_links":{"self":[{"href":"https:\/\/emporiodoturquinho.com.br\/index.php?rest_route=\/wp\/v2\/product\/1019","targetHints":{"allow":["GET"]}}],"collection":[{"href":"https:\/\/emporiodoturquinho.com.br\/index.php?rest_route=\/wp\/v2\/product"}],"about":[{"href":"https:\/\/emporiodoturquinho.com.br\/index.php?rest_route=\/wp\/v2\/types\/product"}],"replies":[{"embeddable":true,"href":"https:\/\/emporiodoturquinho.com.br\/index.php?rest_route=%2Fwp%2Fv2%2Fcomments&post=1019"}],"wp:featuredmedia":[{"embeddable":true,"href":"https:\/\/emporiodoturquinho.com.br\/index.php?rest_route=\/wp\/v2\/media\/1020"}],"wp:attachment":[{"href":"https:\/\/emporiodoturquinho.com.br\/index.php?rest_route=%2Fwp%2Fv2%2Fmedia&parent=1019"}],"wp:term":[{"taxonomy":"product_cat","embeddable":true,"href":"https:\/\/emporiodoturquinho.com.br\/index.php?rest_route=%2Fwp%2Fv2%2Fproduct_cat&post=1019"},{"taxonomy":"product_tag","embeddable":true,"href":"https:\/\/emporiodoturquinho.com.br\/index.php?rest_route=%2Fwp%2Fv2%2Fproduct_tag&post=1019"}],"curies":[{"name":"wp","href":"https:\/\/api.w.org\/{rel}","templated":true}]}}