{"id":1015,"date":"2025-05-28T16:42:14","date_gmt":"2025-05-28T19:42:14","guid":{"rendered":"https:\/\/emporiodoturquinho.com.br\/?post_type=product&#038;p=1015"},"modified":"2025-05-28T16:44:12","modified_gmt":"2025-05-28T19:44:12","slug":"1015","status":"publish","type":"product","link":"https:\/\/emporiodoturquinho.com.br\/?product=1015","title":{"rendered":"ASHWAGANDHA"},"content":{"rendered":"<p>Ela\u00a0<b>auxilia o organismo a lidar com o estresse, melhora a vitalidade f\u00edsica e mental e ainda pode oferecer benef\u00edcios para o sistema imunol\u00f3gico<\/b>. Nos \u00faltimos anos, a suplementa\u00e7\u00e3o com essa erva ganhou popularidade entre pessoas que buscam qualidade de vida, equil\u00edbrio emocional e um suporte natural para o corpo.<\/p>\n","protected":false},"excerpt":{"rendered":"<p>Ela\u00a0auxilia o organismo a lidar com o estresse, melhora a vitalidade f\u00edsica e mental e ainda pode oferecer benef\u00edcios para o sistema imunol\u00f3gico. Nos \u00faltimos anos,<span class=\"excerpt-hellip\"> [\u2026]<\/span><\/p>\n","protected":false},"featured_media":1016,"comment_status":"open","ping_status":"closed","template":"","meta":[],"product_cat":[37],"product_tag":[],"class_list":{"0":"post-1015","1":"product","2":"type-product","3":"status-publish","4":"has-post-thumbnail","6":"product_cat-suplementos","8":"first","9":"instock","10":"shipping-taxable","11":"product-type-simple"},"supplier_id":null,"supplier_sku":"","barcode":null,"atum_controlled":true,"out_stock_date":null,"out_stock_threshold":null,"inheritable":false,"inbound_stock":null,"stock_on_hold":0,"sold_today":0,"sales_last_days":0,"reserved_stock":null,"customer_returns":null,"warehouse_damage":null,"lost_in_post":null,"other_logs":null,"out_stock_days":0,"lost_sales":0,"has_location":false,"update_date":"2026-04-22T12:24:26","atum_locations":[],"atum_stock_status":"instock","restock_status":false,"low_stock_amount":"","sales_update_date":"2026-04-22T12:24:26","calc_backorders":null,"_links":{"self":[{"href":"https:\/\/emporiodoturquinho.com.br\/index.php?rest_route=\/wp\/v2\/product\/1015","targetHints":{"allow":["GET"]}}],"collection":[{"href":"https:\/\/emporiodoturquinho.com.br\/index.php?rest_route=\/wp\/v2\/product"}],"about":[{"href":"https:\/\/emporiodoturquinho.com.br\/index.php?rest_route=\/wp\/v2\/types\/product"}],"replies":[{"embeddable":true,"href":"https:\/\/emporiodoturquinho.com.br\/index.php?rest_route=%2Fwp%2Fv2%2Fcomments&post=1015"}],"wp:featuredmedia":[{"embeddable":true,"href":"https:\/\/emporiodoturquinho.com.br\/index.php?rest_route=\/wp\/v2\/media\/1016"}],"wp:attachment":[{"href":"https:\/\/emporiodoturquinho.com.br\/index.php?rest_route=%2Fwp%2Fv2%2Fmedia&parent=1015"}],"wp:term":[{"taxonomy":"product_cat","embeddable":true,"href":"https:\/\/emporiodoturquinho.com.br\/index.php?rest_route=%2Fwp%2Fv2%2Fproduct_cat&post=1015"},{"taxonomy":"product_tag","embeddable":true,"href":"https:\/\/emporiodoturquinho.com.br\/index.php?rest_route=%2Fwp%2Fv2%2Fproduct_tag&post=1015"}],"curies":[{"name":"wp","href":"https:\/\/api.w.org\/{rel}","templated":true}]}}