{"id":1013,"date":"2025-05-28T16:36:36","date_gmt":"2025-05-28T19:36:36","guid":{"rendered":"https:\/\/emporiodoturquinho.com.br\/?post_type=product&#038;p=1013"},"modified":"2025-05-28T16:44:23","modified_gmt":"2025-05-28T19:44:23","slug":"digestive-enzymes","status":"publish","type":"product","link":"https:\/\/emporiodoturquinho.com.br\/?product=digestive-enzymes","title":{"rendered":"DIGESTIVE ENZYMES"},"content":{"rendered":"<p>As enzimas digestivas s\u00e3o subst\u00e2ncias que\u00a0ajudam o corpo a quebrar os alimentos em part\u00edculas menores, facilitando a absor\u00e7\u00e3o dos nutrientes.\u00a0Elas s\u00e3o essenciais para um processo digestivo eficiente, permitindo que o corpo utilize os alimentos de forma adequada.<\/p>\n","protected":false},"excerpt":{"rendered":"<p>Informa\u00e7\u00f5es T\u00e9cnicas Ingredientes: Protease SP, Bromelain, Lactase, Cellulase, Lipase, Alpha Galactosidade, Hemicellulase, Pectinase, Protease 3.0, Xylanase. Composi\u00e7\u00e3o da c\u00e1psula: Hidreto (c\u00e1psula de celulose), celulose microcristalina, estearato de magn\u00e9sio (fonte vegetal) e di\u00f3xido de sil\u00edcio. Recomenda\u00e7\u00f5es de uso: Tomar 2 c\u00e1psulas ao dia antes das principais refei\u00e7\u00f5es ou conforme orienta\u00e7\u00e3o da seu m\u00e9dico ou nutricionista. N\u00c3O CONT\u00c9M GL\u00daTEN. AL\u00c9RGICOS: PODE CONTER DERIVADOS DE SOJA OU LEITE. Gestantes, nutrizes e crian\u00e7as at\u00e9 3 anos somente devem consumir este produto sob orienta\u00e7\u00e3o de nutricionista ou m\u00e9dico. Os suplementos alimentares n\u00e3o devem ser utilizados como substitutos de um regime alimentar variado e de uma estilo de vida saud\u00e1vel. ESTE PRODUTO N\u00c3O \u00c9 UM MEDICAMENTO.<\/p>\n","protected":false},"featured_media":1014,"comment_status":"open","ping_status":"closed","template":"","meta":[],"product_cat":[37],"product_tag":[],"class_list":{"0":"post-1013","1":"product","2":"type-product","3":"status-publish","4":"has-post-thumbnail","6":"product_cat-suplementos","8":"first","9":"instock","10":"shipping-taxable","11":"product-type-simple"},"supplier_id":null,"supplier_sku":"","barcode":null,"atum_controlled":true,"out_stock_date":null,"out_stock_threshold":null,"inheritable":false,"inbound_stock":null,"stock_on_hold":0,"sold_today":0,"sales_last_days":0,"reserved_stock":null,"customer_returns":null,"warehouse_damage":null,"lost_in_post":null,"other_logs":null,"out_stock_days":0,"lost_sales":0,"has_location":false,"update_date":"2026-04-22T12:24:26","atum_locations":[],"atum_stock_status":"instock","restock_status":false,"low_stock_amount":"","sales_update_date":"2026-04-22T12:24:26","calc_backorders":null,"_links":{"self":[{"href":"https:\/\/emporiodoturquinho.com.br\/index.php?rest_route=\/wp\/v2\/product\/1013","targetHints":{"allow":["GET"]}}],"collection":[{"href":"https:\/\/emporiodoturquinho.com.br\/index.php?rest_route=\/wp\/v2\/product"}],"about":[{"href":"https:\/\/emporiodoturquinho.com.br\/index.php?rest_route=\/wp\/v2\/types\/product"}],"replies":[{"embeddable":true,"href":"https:\/\/emporiodoturquinho.com.br\/index.php?rest_route=%2Fwp%2Fv2%2Fcomments&post=1013"}],"wp:featuredmedia":[{"embeddable":true,"href":"https:\/\/emporiodoturquinho.com.br\/index.php?rest_route=\/wp\/v2\/media\/1014"}],"wp:attachment":[{"href":"https:\/\/emporiodoturquinho.com.br\/index.php?rest_route=%2Fwp%2Fv2%2Fmedia&parent=1013"}],"wp:term":[{"taxonomy":"product_cat","embeddable":true,"href":"https:\/\/emporiodoturquinho.com.br\/index.php?rest_route=%2Fwp%2Fv2%2Fproduct_cat&post=1013"},{"taxonomy":"product_tag","embeddable":true,"href":"https:\/\/emporiodoturquinho.com.br\/index.php?rest_route=%2Fwp%2Fv2%2Fproduct_tag&post=1013"}],"curies":[{"name":"wp","href":"https:\/\/api.w.org\/{rel}","templated":true}]}}