{"id":1008,"date":"2025-03-17T13:56:58","date_gmt":"2025-03-17T16:56:58","guid":{"rendered":"https:\/\/emporiodoturquinho.com.br\/?post_type=product&#038;p=1008"},"modified":"2025-03-17T13:56:58","modified_gmt":"2025-03-17T16:56:58","slug":"glucomanan-500mg","status":"publish","type":"product","link":"https:\/\/emporiodoturquinho.com.br\/?product=glucomanan-500mg","title":{"rendered":"GLUCOMANAN 500MG"},"content":{"rendered":"<p>Por\u00e7\u00e3o 02 C\u00e1psulas cont\u00eam 500 mg de Glucomanano (Fibra Natural Vegetal)<br \/>\nC\u00e1psula Vegana<\/p>\n","protected":false},"excerpt":{"rendered":"<p>Descri\u00e7\u00e3o do produto<br \/>\nInforma\u00e7\u00f5es T\u00e9cnicas Ingredientes: Glucomanan (1000MG) Composi\u00e7\u00e3o da c\u00e1psula: Hidreto (c\u00e1psula de celulose), celulose microcristalina, estearato de magn\u00e9sio (fonte vegetal) e di\u00f3xido de sil\u00edcio. Recomenda\u00e7\u00f5es de uso: Tomar 2 c\u00e1psulas ao dia antes das principais refei\u00e7\u00f5es ou conforme orienta\u00e7\u00e3o da seu m\u00e9dico ou nutricionista. N\u00c3O CONT\u00c9M GL\u00daTEN. AL\u00c9RGICOS: PODE CONTER DERIVADOS DE SOJA OU LEITE. Gestantes, nutrizes e crian\u00e7as at\u00e9 3 anos somente devem consumir este produto sob orienta\u00e7\u00e3o de nutricionista ou m\u00e9dico. Os suplementos alimentares n\u00e3o devem ser utilizados como substitutos de um regime alimentar variado e de uma estilo de vida saud\u00e1vel. ESTE PRODUTO N\u00c3O \u00c9 UM MEDICAMENTO. Condi\u00e7\u00f5es de conserva\u00e7\u00e3o: Para assegurar qualidade e efic\u00e1cia, conservar \u00e0 temperatura ambiente (de 15\u00ba a 30\u00ba graus), afastado do calor, luz e umidade. Lembramos a import\u00e2ncia de ler a informa\u00e7\u00f5es contidas nesta embalagem, incluindo os ingredientes dos produtos antes da sua utiliza\u00e7\u00e3o. As informa\u00e7\u00f5es disponibilizadas podem variar de acordo com o lote. (Consulte sempre o r\u00f3tulo). PRODUTO DISPENSADO DE REGISTRO NO MINIST\u00c9RIO DA SA\u00daDE CONFORME RDC 240\/2018. Validade: 24 meses ap\u00f3s a fabrica\u00e7\u00e3o<\/p>\n","protected":false},"featured_media":1009,"comment_status":"open","ping_status":"closed","template":"","meta":[],"product_cat":[37],"product_tag":[],"class_list":{"0":"post-1008","1":"product","2":"type-product","3":"status-publish","4":"has-post-thumbnail","6":"product_cat-suplementos","8":"first","9":"instock","10":"shipping-taxable","11":"product-type-simple"},"supplier_id":null,"supplier_sku":"","barcode":null,"atum_controlled":true,"out_stock_date":null,"out_stock_threshold":null,"inheritable":false,"inbound_stock":null,"stock_on_hold":0,"sold_today":0,"sales_last_days":0,"reserved_stock":null,"customer_returns":null,"warehouse_damage":null,"lost_in_post":null,"other_logs":null,"out_stock_days":0,"lost_sales":0,"has_location":false,"update_date":"2026-04-22T12:24:26","atum_locations":[],"atum_stock_status":"instock","restock_status":false,"low_stock_amount":"","sales_update_date":"2026-04-22T12:24:26","calc_backorders":null,"_links":{"self":[{"href":"https:\/\/emporiodoturquinho.com.br\/index.php?rest_route=\/wp\/v2\/product\/1008","targetHints":{"allow":["GET"]}}],"collection":[{"href":"https:\/\/emporiodoturquinho.com.br\/index.php?rest_route=\/wp\/v2\/product"}],"about":[{"href":"https:\/\/emporiodoturquinho.com.br\/index.php?rest_route=\/wp\/v2\/types\/product"}],"replies":[{"embeddable":true,"href":"https:\/\/emporiodoturquinho.com.br\/index.php?rest_route=%2Fwp%2Fv2%2Fcomments&post=1008"}],"wp:featuredmedia":[{"embeddable":true,"href":"https:\/\/emporiodoturquinho.com.br\/index.php?rest_route=\/wp\/v2\/media\/1009"}],"wp:attachment":[{"href":"https:\/\/emporiodoturquinho.com.br\/index.php?rest_route=%2Fwp%2Fv2%2Fmedia&parent=1008"}],"wp:term":[{"taxonomy":"product_cat","embeddable":true,"href":"https:\/\/emporiodoturquinho.com.br\/index.php?rest_route=%2Fwp%2Fv2%2Fproduct_cat&post=1008"},{"taxonomy":"product_tag","embeddable":true,"href":"https:\/\/emporiodoturquinho.com.br\/index.php?rest_route=%2Fwp%2Fv2%2Fproduct_tag&post=1008"}],"curies":[{"name":"wp","href":"https:\/\/api.w.org\/{rel}","templated":true}]}}