{"id":1005,"date":"2025-03-12T13:44:17","date_gmt":"2025-03-12T16:44:17","guid":{"rendered":"https:\/\/emporiodoturquinho.com.br\/?post_type=product&#038;p=1005"},"modified":"2025-03-12T13:46:13","modified_gmt":"2025-03-12T16:46:13","slug":"extrato-de-propolis","status":"publish","type":"product","link":"https:\/\/emporiodoturquinho.com.br\/?product=extrato-de-propolis","title":{"rendered":"EXTRATO DE PR\u00d3POLIS"},"content":{"rendered":"<p>O pr\u00f3polis possui propriedades que protegem contra bact\u00e9rias, v\u00edrus e fungos, al\u00e9m de ajudar a fortalecer o sistema imunol\u00f3gico, podendo ser indicado para auxiliar no tratamento de gripes e resfriados. Al\u00e9m disso, essa subst\u00e2ncia atua como anti-inflamat\u00f3ria e promove a cicatriza\u00e7\u00e3o de feridas e queimaduras.<\/p>\n<p>O pr\u00f3polis \u00e9 uma subst\u00e2ncia produzida pelas abelhas a partir da seiva das \u00e1rvores, que \u00e9 combinada com a cera e a saliva das abelhas, resultando em um produto marrom pegajoso que serve como revestimento e prote\u00e7\u00e3o da colmeia.<\/p>\n","protected":false},"excerpt":{"rendered":"<h2 id=\"para-que-serve\">Para que serve<\/h2>\n<p>O pr\u00f3polis pode servir para:<\/p>\n<h3>1. Fortalecer o sistema imunol\u00f3gico<\/h3>\n<p>Uma das propriedades mais conhecidas do pr\u00f3polis \u00e9 sua a\u00e7\u00e3o antioxidante, anti-inflamat\u00f3ria, imunomoduladora e antiviral, fortalecendo o sistema imunol\u00f3gico contra infec\u00e7\u00f5es locais em todo o organismo.<\/p>\n<p>Por esse motivo, o pr\u00f3polis tem sido recomendado para ajudar no tratamento de infec\u00e7\u00f5es na garganta e amigdalite. Al\u00e9m disso, a resina tamb\u00e9m \u00e9 indicada para tratar problemas respirat\u00f3rios, como gripes, sinusites e resfriados.<\/p>\n<h3>2. Acelerar a cicatriza\u00e7\u00e3o de feridas<\/h3>\n<p>Foi comprovado que o pr\u00f3polis atua sobre les\u00f5es de pele impedindo o crescimento e a a\u00e7\u00e3o das bact\u00e9rias, leveduras e fungos, acelerando o processo de cicatriza\u00e7\u00e3o. Aplicar pr\u00f3polis na pele a cada 3 dias pode ajudar a tratar pequenas queimaduras e prevenir infec\u00e7\u00f5es. Entretanto, mais estudos s\u00e3o necess\u00e1rios para a defini\u00e7\u00e3o da dose e efeitos desse composto.<\/p>\n<p>Quando comparado \u00e0 a\u00e7\u00e3o anti-inflamat\u00f3ria da Dexametasona, por exemplo, o pr\u00f3polis apresentou melhores resultados no tratamento de feridas cir\u00fargicas da boca. O pr\u00f3polis tamb\u00e9m acelera a cicatriza\u00e7\u00e3o de feridas nos p\u00e9s de pessoas com diabetes e promove a recupera\u00e7\u00e3o de queimaduras, pois acelera o crescimento de novas c\u00e9lulas saud\u00e1veis.<\/p>\n<h3>3. Ajudar a tratar o herpes<\/h3>\n<p>Algumas pomadas cont\u00eam pr\u00f3polis em sua composi\u00e7\u00e3o, como Herstat ou Coldsore-FX, que atuam na diminui\u00e7\u00e3o dos sintomas e na cura mais r\u00e1pida das feridas de herpes labial e genital.<\/p>\n<p>No entanto, o pr\u00f3polis sozinho tamb\u00e9m vem apresentando resultados, se aplicado de 3 a 4 vezes ao dia sobre a ferida, apresentando tempo de cura mais eficiente do que com outras subst\u00e2ncias, como o Aciclovir, que \u00e9 normalmente indicado no tratamento do herpes.<\/p>\n<p>Al\u00e9m disso, a utiliza\u00e7\u00e3o do creme de pr\u00f3polis j\u00e1 tem associa\u00e7\u00e3o com a prote\u00e7\u00e3o do corpo contra futuras les\u00f5es por herpes.<\/p>\n<h3>4. Curar aftas e gengivites<\/h3>\n<p>Por suas propriedades antimicrobianas, tomar pr\u00f3polis todos os dias, por via oral, combate e reduz as aftas bem como previne que elas apare\u00e7am. O mesmo acontece nos casos de pessoas com gengivite, que \u00e9 inflama\u00e7\u00e3o da gengiva, onde o pr\u00f3polis pode ser usado em gel ou com enx\u00e1gue prevenindo e reduzindo os sinais da doen\u00e7a, al\u00e9m de auxiliar a combater o mau h\u00e1lito.<\/p>\n<h3>5. Prevenir contra o c\u00e2ncer<\/h3>\n<p>O pr\u00f3polis possui efeito anticancer\u00edgenos, pois como \u00e9 imunomodulador, consegue aumentar a atividade dos anticorpos, reduzindo a chance das c\u00e9lulas se tornarem cancerosas e impedindo a sua multiplica\u00e7\u00e3o. Alguns estudos indicam que o uso do pr\u00f3polis como tratamento complementar do c\u00e2ncer de mama \u00e9 bastante eficaz.<\/p>\n<h3>6. Proteger contra a\u00a0<em>Helicobacter pylori<\/em><\/h3>\n<p>O pr\u00f3polis possui a\u00e7\u00e3o antimicrobiana, anti-inflamat\u00f3ria e antioxidante, al\u00e9m de ser capaz de modelar as atividades enzim\u00e1ticas, e, por isso, tem sido considerado como uma alternativa para o tratamento da infec\u00e7\u00e3o por\u00a0<em>Helicobacter pylori<\/em>\u00a0(<em>H. pylori<\/em>), ajudando a aliviar os sintomas de gastrite, \u00falcera p\u00e9ptica e alguns tipos de c\u00e2ncer.<\/p>\n","protected":false},"featured_media":1007,"comment_status":"open","ping_status":"closed","template":"","meta":[],"product_cat":[37],"product_tag":[],"class_list":{"0":"post-1005","1":"product","2":"type-product","3":"status-publish","4":"has-post-thumbnail","6":"product_cat-suplementos","8":"first","9":"instock","10":"shipping-taxable","11":"product-type-simple"},"supplier_id":null,"supplier_sku":"","barcode":null,"atum_controlled":true,"out_stock_date":null,"out_stock_threshold":null,"inheritable":false,"inbound_stock":null,"stock_on_hold":0,"sold_today":0,"sales_last_days":0,"reserved_stock":null,"customer_returns":null,"warehouse_damage":null,"lost_in_post":null,"other_logs":null,"out_stock_days":0,"lost_sales":0,"has_location":false,"update_date":"2026-04-22T12:24:26","atum_locations":[],"atum_stock_status":"instock","restock_status":false,"low_stock_amount":"","sales_update_date":"2026-04-22T12:24:26","calc_backorders":null,"_links":{"self":[{"href":"https:\/\/emporiodoturquinho.com.br\/index.php?rest_route=\/wp\/v2\/product\/1005","targetHints":{"allow":["GET"]}}],"collection":[{"href":"https:\/\/emporiodoturquinho.com.br\/index.php?rest_route=\/wp\/v2\/product"}],"about":[{"href":"https:\/\/emporiodoturquinho.com.br\/index.php?rest_route=\/wp\/v2\/types\/product"}],"replies":[{"embeddable":true,"href":"https:\/\/emporiodoturquinho.com.br\/index.php?rest_route=%2Fwp%2Fv2%2Fcomments&post=1005"}],"wp:featuredmedia":[{"embeddable":true,"href":"https:\/\/emporiodoturquinho.com.br\/index.php?rest_route=\/wp\/v2\/media\/1007"}],"wp:attachment":[{"href":"https:\/\/emporiodoturquinho.com.br\/index.php?rest_route=%2Fwp%2Fv2%2Fmedia&parent=1005"}],"wp:term":[{"taxonomy":"product_cat","embeddable":true,"href":"https:\/\/emporiodoturquinho.com.br\/index.php?rest_route=%2Fwp%2Fv2%2Fproduct_cat&post=1005"},{"taxonomy":"product_tag","embeddable":true,"href":"https:\/\/emporiodoturquinho.com.br\/index.php?rest_route=%2Fwp%2Fv2%2Fproduct_tag&post=1005"}],"curies":[{"name":"wp","href":"https:\/\/api.w.org\/{rel}","templated":true}]}}