{"id":1000,"date":"2024-12-02T18:13:03","date_gmt":"2024-12-02T21:13:03","guid":{"rendered":"https:\/\/emporiodoturquinho.com.br\/?post_type=product&#038;p=1000"},"modified":"2024-12-02T18:13:03","modified_gmt":"2024-12-02T21:13:03","slug":"castanha-portuguesa","status":"publish","type":"product","link":"https:\/\/emporiodoturquinho.com.br\/?product=castanha-portuguesa","title":{"rendered":"CASTANHA PORTUGUESA"},"content":{"rendered":"<p>Castanha Portuguesa \u00e9 o fruto seco da \u00e1rvore da esp\u00e9cie Castanea sativa. De sabor leve e adocicado, \u00e9 um alimento vers\u00e1til e muito comum na dieta mediterr\u00e2nea, sobretudo nas festas de &#8230;<\/p>\n","protected":false},"excerpt":{"rendered":"<p>A castanha-portuguesa \u00e9 o fruto seco da \u00e1rvore da esp\u00e9cie Castanea sativa. De sabor leve e adocicado, \u00e9 um alimento vers\u00e1til e muito comum na dieta mediterr\u00e2nea, sobretudo nas festas de fim de ano. \u00e9 rica em vitamina c, vitaminas do complexo b, nutrientes e minerais essenciais, oferecendo diversos benef\u00edcios para o sistema imunol\u00f3gico. A castanha-portuguesa \u00e9 uma boa fonte de nutrientes, vitaminas e minerais.<\/p>\n","protected":false},"featured_media":1001,"comment_status":"open","ping_status":"closed","template":"","meta":[],"product_cat":[22],"product_tag":[],"class_list":{"0":"post-1000","1":"product","2":"type-product","3":"status-publish","4":"has-post-thumbnail","6":"product_cat-oleaginosas","8":"first","9":"instock","10":"shipping-taxable","11":"product-type-simple"},"supplier_id":null,"supplier_sku":"","barcode":null,"atum_controlled":true,"out_stock_date":null,"out_stock_threshold":null,"inheritable":false,"inbound_stock":null,"stock_on_hold":0,"sold_today":0,"sales_last_days":0,"reserved_stock":null,"customer_returns":null,"warehouse_damage":null,"lost_in_post":null,"other_logs":null,"out_stock_days":0,"lost_sales":0,"has_location":false,"update_date":"2026-04-22T12:24:26","atum_locations":[],"atum_stock_status":"instock","restock_status":false,"low_stock_amount":"","sales_update_date":"2026-04-22T12:24:26","calc_backorders":null,"_links":{"self":[{"href":"https:\/\/emporiodoturquinho.com.br\/index.php?rest_route=\/wp\/v2\/product\/1000","targetHints":{"allow":["GET"]}}],"collection":[{"href":"https:\/\/emporiodoturquinho.com.br\/index.php?rest_route=\/wp\/v2\/product"}],"about":[{"href":"https:\/\/emporiodoturquinho.com.br\/index.php?rest_route=\/wp\/v2\/types\/product"}],"replies":[{"embeddable":true,"href":"https:\/\/emporiodoturquinho.com.br\/index.php?rest_route=%2Fwp%2Fv2%2Fcomments&post=1000"}],"wp:featuredmedia":[{"embeddable":true,"href":"https:\/\/emporiodoturquinho.com.br\/index.php?rest_route=\/wp\/v2\/media\/1001"}],"wp:attachment":[{"href":"https:\/\/emporiodoturquinho.com.br\/index.php?rest_route=%2Fwp%2Fv2%2Fmedia&parent=1000"}],"wp:term":[{"taxonomy":"product_cat","embeddable":true,"href":"https:\/\/emporiodoturquinho.com.br\/index.php?rest_route=%2Fwp%2Fv2%2Fproduct_cat&post=1000"},{"taxonomy":"product_tag","embeddable":true,"href":"https:\/\/emporiodoturquinho.com.br\/index.php?rest_route=%2Fwp%2Fv2%2Fproduct_tag&post=1000"}],"curies":[{"name":"wp","href":"https:\/\/api.w.org\/{rel}","templated":true}]}}